{"id":261,"date":"2016-03-17T09:30:24","date_gmt":"2016-03-17T09:30:24","guid":{"rendered":"https:\/\/odontorabes.es\/clinica-dental-madrid-leganes\/?page_id=261"},"modified":"2023-02-17T14:57:30","modified_gmt":"2023-02-17T14:57:30","slug":"contacta-con-tu-clinica-odonto-rabes","status":"publish","type":"page","link":"https:\/\/odontorabes.es\/clinica-dental-madrid-leganes\/contacta-con-tu-clinica-odonto-rabes\/","title":{"rendered":"Contacta con tu clinica Odonto Rabes"},"content":{"rendered":"<p>[et_pb_section fb_built=&#8221;1&#8243; _builder_version=&#8221;4.19.5&#8243; _module_preset=&#8221;default&#8221; global_colors_info=&#8221;{}&#8221;][et_pb_row _builder_version=&#8221;4.19.5&#8243; _module_preset=&#8221;default&#8221; global_colors_info=&#8221;{}&#8221;][et_pb_column type=&#8221;4_4&#8243; _builder_version=&#8221;4.19.5&#8243; _module_preset=&#8221;default&#8221; global_colors_info=&#8221;{}&#8221;][et_pb_contact_form email=&#8221;infoodontorabes@gmail.com, comunicacion@publidental.es&#8221; title=&#8221;Formulario de contacto&#8221; use_redirect=&#8221;on&#8221; redirect_url=&#8221;\/gracias&#8221; _builder_version=&#8221;4.19.5&#8243; _module_preset=&#8221;default&#8221; _unique_id=&#8221;ab85a541-bb37-4dce-9b34-65e4dc39bf28&#8243; hover_enabled=&#8221;0&#8243; global_colors_info=&#8221;{}&#8221; use_spam_service=&#8221;on&#8221; recaptcha_list=&#8221;Default|Default-0&#8243; sticky_enabled=&#8221;0&#8243;][et_pb_contact_field field_id=&#8221;Name&#8221; field_title=&#8221;Nombre&#8221; _builder_version=&#8221;4.16&#8243; global_colors_info=&#8221;{}&#8221; button_text_size__hover_enabled=&#8221;off&#8221; button_one_text_size__hover_enabled=&#8221;off&#8221; button_two_text_size__hover_enabled=&#8221;off&#8221; button_text_color__hover_enabled=&#8221;off&#8221; button_one_text_color__hover_enabled=&#8221;off&#8221; button_two_text_color__hover_enabled=&#8221;off&#8221; button_border_width__hover_enabled=&#8221;off&#8221; button_one_border_width__hover_enabled=&#8221;off&#8221; button_two_border_width__hover_enabled=&#8221;off&#8221; button_border_color__hover_enabled=&#8221;off&#8221; button_one_border_color__hover_enabled=&#8221;off&#8221; button_two_border_color__hover_enabled=&#8221;off&#8221; button_border_radius__hover_enabled=&#8221;off&#8221; button_one_border_radius__hover_enabled=&#8221;off&#8221; button_two_border_radius__hover_enabled=&#8221;off&#8221; button_letter_spacing__hover_enabled=&#8221;off&#8221; button_one_letter_spacing__hover_enabled=&#8221;off&#8221; button_two_letter_spacing__hover_enabled=&#8221;off&#8221; button_bg_color__hover_enabled=&#8221;off&#8221; button_one_bg_color__hover_enabled=&#8221;off&#8221; button_two_bg_color__hover_enabled=&#8221;off&#8221;][\/et_pb_contact_field][et_pb_contact_field field_id=&#8221;Apellido&#8221; field_title=&#8221;Apellido&#8221; required_mark=&#8221;off&#8221; _builder_version=&#8221;4.19.5&#8243; global_colors_info=&#8221;{}&#8221; button_text_size__hover_enabled=&#8221;off&#8221; button_one_text_size__hover_enabled=&#8221;off&#8221; button_two_text_size__hover_enabled=&#8221;off&#8221; button_text_color__hover_enabled=&#8221;off&#8221; button_one_text_color__hover_enabled=&#8221;off&#8221; button_two_text_color__hover_enabled=&#8221;off&#8221; button_border_width__hover_enabled=&#8221;off&#8221; button_one_border_width__hover_enabled=&#8221;off&#8221; button_two_border_width__hover_enabled=&#8221;off&#8221; button_border_color__hover_enabled=&#8221;off&#8221; button_one_border_color__hover_enabled=&#8221;off&#8221; button_two_border_color__hover_enabled=&#8221;off&#8221; button_border_radius__hover_enabled=&#8221;off&#8221; button_one_border_radius__hover_enabled=&#8221;off&#8221; button_two_border_radius__hover_enabled=&#8221;off&#8221; button_letter_spacing__hover_enabled=&#8221;off&#8221; button_one_letter_spacing__hover_enabled=&#8221;off&#8221; button_two_letter_spacing__hover_enabled=&#8221;off&#8221; button_bg_color__hover_enabled=&#8221;off&#8221; button_one_bg_color__hover_enabled=&#8221;off&#8221; button_two_bg_color__hover_enabled=&#8221;off&#8221;][\/et_pb_contact_field][et_pb_contact_field field_id=&#8221;Tel\u00e9fono&#8221; field_title=&#8221;N\u00famero de tel\u00e9fono&#8221; _builder_version=&#8221;4.19.5&#8243; global_colors_info=&#8221;{}&#8221; button_text_size__hover_enabled=&#8221;off&#8221; button_one_text_size__hover_enabled=&#8221;off&#8221; button_two_text_size__hover_enabled=&#8221;off&#8221; button_text_color__hover_enabled=&#8221;off&#8221; button_one_text_color__hover_enabled=&#8221;off&#8221; button_two_text_color__hover_enabled=&#8221;off&#8221; button_border_width__hover_enabled=&#8221;off&#8221; button_one_border_width__hover_enabled=&#8221;off&#8221; button_two_border_width__hover_enabled=&#8221;off&#8221; button_border_color__hover_enabled=&#8221;off&#8221; button_one_border_color__hover_enabled=&#8221;off&#8221; button_two_border_color__hover_enabled=&#8221;off&#8221; button_border_radius__hover_enabled=&#8221;off&#8221; button_one_border_radius__hover_enabled=&#8221;off&#8221; button_two_border_radius__hover_enabled=&#8221;off&#8221; button_letter_spacing__hover_enabled=&#8221;off&#8221; button_one_letter_spacing__hover_enabled=&#8221;off&#8221; button_two_letter_spacing__hover_enabled=&#8221;off&#8221; button_bg_color__hover_enabled=&#8221;off&#8221; button_one_bg_color__hover_enabled=&#8221;off&#8221; button_two_bg_color__hover_enabled=&#8221;off&#8221;][\/et_pb_contact_field][et_pb_contact_field field_id=&#8221;Email&#8221; field_title=&#8221;Direcci\u00f3n de correo electr\u00f3nico&#8221; field_type=&#8221;email&#8221; _builder_version=&#8221;4.16&#8243; global_colors_info=&#8221;{}&#8221; button_text_size__hover_enabled=&#8221;off&#8221; button_one_text_size__hover_enabled=&#8221;off&#8221; button_two_text_size__hover_enabled=&#8221;off&#8221; button_text_color__hover_enabled=&#8221;off&#8221; button_one_text_color__hover_enabled=&#8221;off&#8221; button_two_text_color__hover_enabled=&#8221;off&#8221; button_border_width__hover_enabled=&#8221;off&#8221; button_one_border_width__hover_enabled=&#8221;off&#8221; button_two_border_width__hover_enabled=&#8221;off&#8221; button_border_color__hover_enabled=&#8221;off&#8221; button_one_border_color__hover_enabled=&#8221;off&#8221; button_two_border_color__hover_enabled=&#8221;off&#8221; button_border_radius__hover_enabled=&#8221;off&#8221; button_one_border_radius__hover_enabled=&#8221;off&#8221; button_two_border_radius__hover_enabled=&#8221;off&#8221; button_letter_spacing__hover_enabled=&#8221;off&#8221; button_one_letter_spacing__hover_enabled=&#8221;off&#8221; button_two_letter_spacing__hover_enabled=&#8221;off&#8221; button_bg_color__hover_enabled=&#8221;off&#8221; button_one_bg_color__hover_enabled=&#8221;off&#8221; button_two_bg_color__hover_enabled=&#8221;off&#8221;][\/et_pb_contact_field][et_pb_contact_field field_id=&#8221;Message&#8221; field_title=&#8221;Mensaje&#8221; field_type=&#8221;text&#8221; fullwidth_field=&#8221;on&#8221; _builder_version=&#8221;4.19.5&#8243; global_colors_info=&#8221;{}&#8221; button_text_size__hover_enabled=&#8221;off&#8221; button_one_text_size__hover_enabled=&#8221;off&#8221; button_two_text_size__hover_enabled=&#8221;off&#8221; button_text_color__hover_enabled=&#8221;off&#8221; button_one_text_color__hover_enabled=&#8221;off&#8221; button_two_text_color__hover_enabled=&#8221;off&#8221; button_border_width__hover_enabled=&#8221;off&#8221; button_one_border_width__hover_enabled=&#8221;off&#8221; button_two_border_width__hover_enabled=&#8221;off&#8221; button_border_color__hover_enabled=&#8221;off&#8221; button_one_border_color__hover_enabled=&#8221;off&#8221; button_two_border_color__hover_enabled=&#8221;off&#8221; button_border_radius__hover_enabled=&#8221;off&#8221; button_one_border_radius__hover_enabled=&#8221;off&#8221; button_two_border_radius__hover_enabled=&#8221;off&#8221; button_letter_spacing__hover_enabled=&#8221;off&#8221; button_one_letter_spacing__hover_enabled=&#8221;off&#8221; button_two_letter_spacing__hover_enabled=&#8221;off&#8221; button_bg_color__hover_enabled=&#8221;off&#8221; button_one_bg_color__hover_enabled=&#8221;off&#8221; button_two_bg_color__hover_enabled=&#8221;off&#8221;][\/et_pb_contact_field][et_pb_contact_field field_id=&#8221;Aceptaci\u00f3n_Privacidad.&#8221; field_title=&#8221; &#8221; field_type=&#8221;checkbox&#8221; checkbox_options=&#8221;%91{%22value%22:%22He le\u00eddo y acepto la %22,%22checked%22:0,%22dragID%22:-1,%22link_url%22:%22\/aviso-legal-y-politica-de-privacidad%22,%22link_text%22:%22Pol\u00edtica de privacidad.%22}%93&#8243; fullwidth_field=&#8221;on&#8221; _builder_version=&#8221;4.19.5&#8243; _module_preset=&#8221;default&#8221; global_colors_info=&#8221;{}&#8221;][\/et_pb_contact_field][\/et_pb_contact_form][\/et_pb_column][\/et_pb_row][\/et_pb_section][et_pb_section fb_built=&#8221;1&#8243; _builder_version=&#8221;4.16&#8243; global_colors_info=&#8221;{}&#8221;][et_pb_row _builder_version=&#8221;4.16&#8243; background_size=&#8221;initial&#8221; background_position=&#8221;top_left&#8221; background_repeat=&#8221;repeat&#8221; global_colors_info=&#8221;{}&#8221;][et_pb_column type=&#8221;4_4&#8243; _builder_version=&#8221;4.16&#8243; custom_padding=&#8221;|||&#8221; global_colors_info=&#8221;{}&#8221; custom_padding__hover=&#8221;|||&#8221;][et_pb_tabs active_tab_background_color=&#8221;#f8f8f8&#8243; inactive_tab_background_color=&#8221;#ffffff&#8221; _builder_version=&#8221;4.16&#8243; tab_text_color=&#8221;#0071c4&#8243; tab_font_size=&#8221;17px&#8221; background_color=&#8221;#f8f8f8&#8243; global_colors_info=&#8221;{}&#8221;][et_pb_tab title=&#8221;RABES ARIST\u00d3TELES&#8221; _builder_version=&#8221;4.16&#8243; global_colors_info=&#8221;{}&#8221;]<\/p>\n<div class=\"contiene-pestana\">\n<div class=\"define-clinica\">\n<h4 class=\"titulo-seccion\">DIRECCI\u00d3N<\/h4>\n<p class=\"texto-clinica\">Calle Arist\u00f3teles n\u00ba 3<\/p>\n<p class=\"texto-clinica\">Distrito Ciudad Lineal<\/p>\n<p class=\"texto-clinica\">28027 Madrid<\/p>\n<p><img loading=\"lazy\" decoding=\"async\" class=\"aligncenter size-full wp-image-1092\" style=\"float: left; margin: 0 auto;\" src=\"https:\/\/odontorabes.es\/clinica-dental-madrid-leganes\/wp-content\/uploads\/2016\/03\/metro.png\" alt=\"metro\" width=\"31\" height=\"20\" title=\"\"> Barrio de la concepci\u00f3n.<br \/>\n<img loading=\"lazy\" decoding=\"async\" class=\"aligncenter size-full wp-image-1091\" style=\"float: left; margin: 0 auto;\" src=\"https:\/\/odontorabes.es\/clinica-dental-madrid-leganes\/wp-content\/uploads\/2016\/03\/autobus.png\" alt=\"autobus\" width=\"20\" height=\"20\" title=\"\"> L\u00edneas 11-53-122<\/p>\n<h4 class=\"titulo-seccion\">CONTACTO<\/h4>\n<p class=\"texto-clinica\">Tel\u00e9fono: <a href=\"tel:914 044 522\" style=\"color: #666;\">914 044 522<\/a><\/p>\n<h4 class=\"titulo-seccion\">HORARIOS<\/h4>\n<p class=\"texto-clinica\">L-V 10:00 a 14:00 y de 16:00 a 20:00<\/p>\n<div class=\"codigo-qr\"><img loading=\"lazy\" decoding=\"async\" src=\"https:\/\/odontorabes.es\/clinica-dental-madrid-leganes\/wp-content\/uploads\/2016\/06\/codigos-qr-clinica-aristoteles-1.jpg\" alt=\"\" width=\"180\" height=\"111\" title=\"\"><\/div>\n<\/div>\n<div class=\"mapa-clinica\"><iframe loading=\"lazy\" src=\"https:\/\/www.google.com\/maps\/embed?pb=!1m18!1m12!1m3!1d97166.6068235822!2d-3.7218138417968643!3d40.443033000000014!2m3!1f0!2f0!3f0!3m2!1i1024!2i768!4f13.1!3m3!1m2!1s0xd422f3a82b7cc0d%3A0xe872fcaa62ad1801!2sOdonto%20Rabes!5e0!3m2!1ses!2ses!4v1589283976442!5m2!1ses!2ses\" width=\"600\" height=\"450\" frameborder=\"0\" style=\"border:0;\" allowfullscreen=\"\" aria-hidden=\"false\" tabindex=\"0\"><\/iframe><\/div>\n<\/div>\n<p>[\/et_pb_tab][et_pb_tab title=&#8221;RABES USERA&#8221; _builder_version=&#8221;4.16&#8243; global_colors_info=&#8221;{}&#8221;]<\/p>\n<div class=\"contiene-pestana\">\n<div class=\"define-clinica\">\n<h4 class=\"titulo-seccion\">DIRECCI\u00d3N<\/h4>\n<p class=\"texto-clinica\">Calle Cerecinos 2, bajo derecha<\/p>\n<p class=\"texto-clinica\">Distrito Usera<\/p>\n<p class=\"texto-clinica\">28026 Madrid<\/p>\n<p><img loading=\"lazy\" decoding=\"async\" class=\"aligncenter size-full wp-image-1092\" style=\"float: left; margin: 0 auto;\" src=\"https:\/\/odontorabes.es\/clinica-dental-madrid-leganes\/wp-content\/uploads\/2016\/03\/metro.png\" alt=\"metro\" width=\"31\" height=\"20\" title=\"\"> Intercambiador Plaza Eliptica &#8211; Usera.<\/p>\n<p><img loading=\"lazy\" decoding=\"async\" class=\"aligncenter size-full wp-image-1091\" style=\"float: left; margin: 0 auto;\" src=\"https:\/\/odontorabes.es\/clinica-dental-madrid-leganes\/wp-content\/uploads\/2016\/03\/autobus.png\" alt=\"autobus\" width=\"20\" height=\"20\" title=\"\"> L\u00edneas 47 &#8211; 60 &#8211; 81 &#8211; 247<\/p>\n<h4 class=\"titulo-seccion\">CONTACTO<\/h4>\n<p class=\"texto-clinica\">Tel\u00e9fono:  <a href=\"tel:914 693 913\" style=\"color: #666;\">914 693 913<\/a><\/p>\n<h4 class=\"titulo-seccion\">HORARIOS<\/h4>\n<p class=\"texto-clinica\">L-V 10:00 a 14:00 y de 16:00 a 21:00<\/p>\n<div class=\"codigo-qr\"><img loading=\"lazy\" decoding=\"async\" src=\"https:\/\/odontorabes.es\/clinica-dental-madrid-leganes\/wp-content\/uploads\/2016\/06\/codigos-qr-clinica-usera-1.jpg\" alt=\"\" width=\"180\" height=\"111\" title=\"\"><\/div>\n<\/div>\n<div class=\"mapa-clinica\"><iframe loading=\"lazy\" src=\"https:\/\/www.google.com\/maps\/embed?pb=!1m18!1m12!1m3!1d48627.09448240427!2d-3.7436462516517026!3d40.382405941496785!2m3!1f0!2f0!3f0!3m2!1i1024!2i768!4f13.1!3m3!1m2!1s0xd4227b0893c2029%3A0x4db0dcb4cf37eb83!2sOdonto%20Rabes!5e0!3m2!1ses!2ses!4v1589284425404!5m2!1ses!2ses\" width=\"600\" height=\"450\" frameborder=\"0\" style=\"border:0;\" allowfullscreen=\"\" aria-hidden=\"false\" tabindex=\"0\"><\/iframe><\/div>\n<\/div>\n<p>[\/et_pb_tab][et_pb_tab title=&#8221;RABES LEGAN\u00c9S&#8221; _builder_version=&#8221;4.16&#8243; global_colors_info=&#8221;{}&#8221;]<\/p>\n<div class=\"contiene-pestana\">\n<div class=\"define-clinica\">\n<h4 class=\"titulo-seccion\">DIRECCI\u00d3N<\/h4>\n<p class=\"texto-clinica\">Calle de San Jos\u00e9 38<\/p>\n<p class=\"texto-clinica\">Legan\u00e9s<\/p>\n<p class=\"texto-clinica\">28917 Madrid<\/p>\n<p><img loading=\"lazy\" decoding=\"async\" class=\"aligncenter size-full wp-image-1092\" style=\"float: left; margin: 0 auto;\" src=\"https:\/\/odontorabes.es\/clinica-dental-madrid-leganes\/wp-content\/uploads\/2016\/03\/metro.png\" alt=\"metro\" width=\"31\" height=\"20\" title=\"\"> La Fortuna.<\/p>\n<p><img loading=\"lazy\" decoding=\"async\" class=\"aligncenter size-full wp-image-1091\" style=\"float: left; margin: 0 auto;\" src=\"https:\/\/odontorabes.es\/clinica-dental-madrid-leganes\/wp-content\/uploads\/2016\/03\/autobus.png\" alt=\"autobus\" width=\"20\" height=\"20\" title=\"\"> L\u00edneas 483 \u2013 486 &#8211; 487<\/p>\n<h4 class=\"titulo-seccion\">CONTACTO<\/h4>\n<p class=\"texto-clinica\">Tel\u00e9fono: <a href=\"tel:916 115 922\" style=\"color: #666;\">916 115 922<\/a><\/p>\n<h4 class=\"titulo-seccion\">HORARIOS<\/h4>\n<p class=\"texto-clinica\">L-V 10:00 a 14:00 y de 16:00 a 20:00<\/p>\n<div class=\"codigo-qr\"><img loading=\"lazy\" decoding=\"async\" src=\"https:\/\/odontorabes.es\/clinica-dental-madrid-leganes\/wp-content\/uploads\/2016\/06\/codigos-qr-clinica-leganes-1.jpg\" alt=\"\" width=\"180\" height=\"111\" title=\"\"><\/div>\n<\/div>\n<div class=\"mapa-clinica\"><iframe loading=\"lazy\" src=\"https:\/\/www.google.com\/maps\/embed?pb=!1m18!1m12!1m3!1d48645.089338321966!2d-3.804872362036209!3d40.357470880783865!2m3!1f0!2f0!3f0!3m2!1i1024!2i768!4f13.1!3m3!1m2!1s0xd4189a5c132c5b3%3A0x3e25efaa02e1f6c6!2sOdonto%20Rabes!5e0!3m2!1ses!2ses!4v1589284542665!5m2!1ses!2ses\" width=\"600\" height=\"450\" frameborder=\"0\" style=\"border:0;\" allowfullscreen=\"\" aria-hidden=\"false\" tabindex=\"0\"><\/iframe><\/div>\n<\/div>\n<p>[\/et_pb_tab][\/et_pb_tabs][\/et_pb_column][\/et_pb_row][\/et_pb_section]<\/p>\n","protected":false},"excerpt":{"rendered":"<p>DIRECCI\u00d3N Calle Arist\u00f3teles n\u00ba 3 Distrito Ciudad Lineal 28027 Madrid Barrio de la concepci\u00f3n. L\u00edneas 11-53-122 CONTACTO Tel\u00e9fono: 914 044 522 HORARIOS L-V 10:00 a 14:00 y de 16:00 a 20:00 DIRECCI\u00d3N Calle Cerecinos 2, bajo derecha Distrito Usera 28026 Madrid Intercambiador Plaza Eliptica &#8211; Usera. L\u00edneas 47 &#8211; 60 &#8211; 81 &#8211; 247 CONTACTO [&hellip;]<\/p>\n","protected":false},"author":4,"featured_media":0,"parent":0,"menu_order":0,"comment_status":"closed","ping_status":"closed","template":"","meta":{"_et_pb_use_builder":"on","_et_pb_old_content":"[vc_row][vc_column][vc_tta_tabs spacing=\"35\" alignment=\"right\" active_section=\"1\"][vc_tta_section title=\"RABES ARISTOTELES\" tab_id=\"aristoteles\"][vc_column_text]\r\n<div class=\"contiene-pestana\">\r\n<div class=\"define-clinica\">\r\n<h4 class=\"titulo-seccion\">DIRECCI\u00d3N<\/h4>\r\n<p class=\"texto-clinica\">Calle Arist\u00f3teles n\u00ba 3<\/p>\r\n<p class=\"texto-clinica\">Distrito Ciudad Lineal<\/p>\r\n<p class=\"texto-clinica\">28027 Madrid<\/p>\r\n<img class=\"aligncenter size-full wp-image-1092\" style=\"float: left; margin: 0 auto;\" src=\"https:\/\/odontorabes.es\/clinica-dental-madrid-leganes\/wp-content\/uploads\/2016\/03\/metro.png\" alt=\"metro\" width=\"31\" height=\"20\" \/>\u00a0\u00a0Barrio de la concepci\u00f3n.\r\n<img class=\"aligncenter size-full wp-image-1091\" style=\"float: left; margin: 0 auto;\" src=\"https:\/\/odontorabes.es\/clinica-dental-madrid-leganes\/wp-content\/uploads\/2016\/03\/autobus.png\" alt=\"autobus\" width=\"20\" height=\"20\" \/>\u00a0\u00a0\u00a0\u00a0L\u00edneas 11-53-122\r\n<h4 class=\"titulo-seccion\">CONTACTO<\/h4>\r\n<p class=\"texto-clinica\">Tel\u00e9fono: 914 044 522<\/p>\r\n\r\n<h4 class=\"titulo-seccion\">HORARIOS<\/h4>\r\n<p class=\"texto-clinica\">L-V 10:00 a 14:00 y de 16:00 a 20:00<\/p>\r\n\r\n<div class=\"codigo-qr\"><img src=\"https:\/\/odontorabes.es\/clinica-dental-madrid-leganes\/wp-content\/uploads\/2016\/06\/codigos-qr-clinica-aristoteles-1.jpg\" alt=\"\" \/><\/div>\r\n<\/div>\r\n<div class=\"mapa-clinica\"><iframe style=\"border: 0;\" src=\"https:\/\/www.google.com\/maps\/embed?pb=!1m18!1m12!1m3!1d3036.4562616813914!2d-3.6539645843358337!3d40.44303746196239!2m3!1f0!2f0!3f0!3m2!1i1024!2i768!4f13.1!3m3!1m2!1s0xd422f3a849402cf%3A0xdf31c20e27ff1969!2sCalle+Arist%C3%B3teles%2C+3%2C+28027+Madrid!5e0!3m2!1ses!2ses!4v1459161591047\" width=\"100%\" height=\"90%\" frameborder=\"0\" allowfullscreen=\"allowfullscreen\"><\/iframe><\/div>\r\n<\/div>\r\n[\/vc_column_text][\/vc_tta_section][vc_tta_section title=\"RABES USERA\" tab_id=\"usera\"][vc_column_text]\r\n<div class=\"contiene-pestana\">\r\n<div class=\"define-clinica\">\r\n<h4 class=\"titulo-seccion\">DIRECCI\u00d3N<\/h4>\r\n<p class=\"texto-clinica\">Calle Cerecinos\u00a0 2, bajo derecha<\/p>\r\n<p class=\"texto-clinica\">Distrito Usera<\/p>\r\n<p class=\"texto-clinica\">28026 Madrid<\/p>\r\n<img class=\"aligncenter size-full wp-image-1092\" style=\"float: left; margin: 0 auto;\" src=\"https:\/\/odontorabes.es\/clinica-dental-madrid-leganes\/wp-content\/uploads\/2016\/03\/metro.png\" alt=\"metro\" width=\"31\" height=\"20\" \/>\u00a0\u00a0Intercambiador Plaza Eliptica - Usera.\r\n\r\n<img class=\"aligncenter size-full wp-image-1091\" style=\"float: left; margin: 0 auto;\" src=\"https:\/\/odontorabes.es\/clinica-dental-madrid-leganes\/wp-content\/uploads\/2016\/03\/autobus.png\" alt=\"autobus\" width=\"20\" height=\"20\" \/>\u00a0\u00a0\u00a0\u00a0L\u00edneas 47 - 60 - 81 - 247\r\n<h4 class=\"titulo-seccion\">CONTACTO<\/h4>\r\n<p class=\"texto-clinica\">Tel\u00e9fono: 914 693 913<\/p>\r\n\r\n<h4 class=\"titulo-seccion\">HORARIOS<\/h4>\r\n<p class=\"texto-clinica\">L-V 10:00 a 14:00 y de 16:00 a 21:00<\/p>\r\n\r\n<div class=\"codigo-qr\"><img src=\"https:\/\/odontorabes.es\/clinica-dental-madrid-leganes\/wp-content\/uploads\/2016\/06\/codigos-qr-clinica-usera-1.jpg\" alt=\"\" \/><\/div>\r\n<\/div>\r\n<div class=\"mapa-clinica\"><iframe style=\"border: 0;\" src=\"https:\/\/www.google.com\/maps\/embed?pb=!1m18!1m12!1m3!1d3039.078969259797!2d-3.7144693843370673!3d40.38494236549551!2m3!1f0!2f0!3f0!3m2!1i1024!2i768!4f13.1!3m3!1m2!1s0xd4227b08f2f21bb%3A0x48a0801ae273c3fc!2sCalle+Cerecinos%2C+2%2C+28026+Madrid!5e0!3m2!1ses!2ses!4v1459161333385\" width=\"100%\" height=\"100%\" frameborder=\"0\" allowfullscreen=\"allowfullscreen\"><\/iframe><\/div>\r\n<\/div>\r\n[\/vc_column_text][\/vc_tta_section][vc_tta_section title=\"RABES LEGAN\u00c9S\" tab_id=\"leganes\"][vc_column_text]\r\n<div class=\"contiene-pestana\">\r\n<div class=\"define-clinica\">\r\n<h4 class=\"titulo-seccion\">DIRECCI\u00d3N<\/h4>\r\n<p class=\"texto-clinica\">Calle de San Jos\u00e9 38<\/p>\r\n<p class=\"texto-clinica\">Legan\u00e9s<\/p>\r\n<p class=\"texto-clinica\">28917 Madrid<\/p>\r\n<img class=\"aligncenter size-full wp-image-1092\" style=\"float: left; margin: 0 auto;\" src=\"https:\/\/odontorabes.es\/clinica-dental-madrid-leganes\/wp-content\/uploads\/2016\/03\/metro.png\" alt=\"metro\" width=\"31\" height=\"20\" \/>\u00a0\u00a0La Fortuna.\r\n\r\n<img class=\"aligncenter size-full wp-image-1091\" style=\"float: left; margin: 0 auto;\" src=\"https:\/\/odontorabes.es\/clinica-dental-madrid-leganes\/wp-content\/uploads\/2016\/03\/autobus.png\" alt=\"autobus\" width=\"20\" height=\"20\" \/>\u00a0\u00a0\u00a0\u00a0L\u00edneas 483 \u2013 486 - 487\r\n<h4 class=\"titulo-seccion\">CONTACTO<\/h4>\r\n<p class=\"texto-clinica\">Tel\u00e9fono: 916 115 922<\/p>\r\n\r\n<h4 class=\"titulo-seccion\">HORARIOS<\/h4>\r\n<p class=\"texto-clinica\">L-V 10:00 a 14:00 y de 16:00 a 20:00<\/p>\r\n\r\n<div class=\"codigo-qr\"><img src=\"https:\/\/odontorabes.es\/clinica-dental-madrid-leganes\/wp-content\/uploads\/2016\/06\/codigos-qr-clinica-leganes-1.jpg\" alt=\"\" \/><\/div>\r\n<\/div>\r\n<div class=\"mapa-clinica\"><iframe style=\"border: 0;\" src=\"https:\/\/www.google.com\/maps\/embed?pb=!1m18!1m12!1m3!1d1756.305493499107!2d-3.7791527311398037!3d40.358022423921575!2m3!1f0!2f0!3f0!3m2!1i1024!2i768!4f13.1!3m3!1m2!1s0xd4189a5c729921f%3A0xa703ce790412b1d1!2sCalle+de+San+Jose%2C+38%2C+28917+La+Fortuna%2C+Madrid%2C+Espa%C3%B1a!5e0!3m2!1ses!2sus!4v1459161222632\" width=\"100%\" height=\"100%\" frameborder=\"0\" allowfullscreen=\"allowfullscreen\"><\/iframe><\/div>\r\n<\/div>\r\n[\/vc_column_text][\/vc_tta_section][\/vc_tta_tabs][\/vc_column][\/vc_row][vc_row][vc_column width=\"1\/4\"][vc_column_text]\r\n<h4><span style=\"color: #0071c4;\">Pensando en el paciente<\/span><\/h4>\r\n[\/vc_column_text][vc_column_text el_class=\"caja-cinta-texto-1\"]Una primera consulta, nos permite detectar los problemas, que afectan a su salud bucodental.[\/vc_column_text][\/vc_column][vc_column width=\"1\/4\"][vc_column_text]\r\n<h4><span style=\"color: #0071c4;\">Garant\u00eda ODONTO RABES<\/span><\/h4>\r\n[\/vc_column_text][vc_column_text]M\u00e1s de treinta a\u00f1os de experiencia nos avalan.[\/vc_column_text][\/vc_column][vc_column width=\"1\/4\"][vc_column_text]\r\n<h4><span style=\"color: #0071c4;\">Est\u00e9tica dental<\/span><\/h4>\r\n[\/vc_column_text][vc_column_text]Ofrecemos soluciones innovadoras a su requerimientos espec\u00edficos.[\/vc_column_text][\/vc_column][vc_column width=\"1\/4\"][vc_column_text]\r\n<h4><span style=\"color: #0071c4;\">3 centros a su servicio<\/span><\/h4>\r\n[\/vc_column_text][vc_column_text]Todas las cl\u00ednicas ODONTO RABES son propias, atendida por profesionales con m\u00e1s de 30 a\u00f1os\u00a0 de experiencia.[\/vc_column_text][\/vc_column][\/vc_row]","_et_gb_content_width":"","footnotes":""},"class_list":["post-261","page","type-page","status-publish","hentry"],"_links":{"self":[{"href":"https:\/\/odontorabes.es\/clinica-dental-madrid-leganes\/wp-json\/wp\/v2\/pages\/261"}],"collection":[{"href":"https:\/\/odontorabes.es\/clinica-dental-madrid-leganes\/wp-json\/wp\/v2\/pages"}],"about":[{"href":"https:\/\/odontorabes.es\/clinica-dental-madrid-leganes\/wp-json\/wp\/v2\/types\/page"}],"author":[{"embeddable":true,"href":"https:\/\/odontorabes.es\/clinica-dental-madrid-leganes\/wp-json\/wp\/v2\/users\/4"}],"replies":[{"embeddable":true,"href":"https:\/\/odontorabes.es\/clinica-dental-madrid-leganes\/wp-json\/wp\/v2\/comments?post=261"}],"version-history":[{"count":0,"href":"https:\/\/odontorabes.es\/clinica-dental-madrid-leganes\/wp-json\/wp\/v2\/pages\/261\/revisions"}],"wp:attachment":[{"href":"https:\/\/odontorabes.es\/clinica-dental-madrid-leganes\/wp-json\/wp\/v2\/media?parent=261"}],"curies":[{"name":"wp","href":"https:\/\/api.w.org\/{rel}","templated":true}]}}