{"id":231,"date":"2016-03-16T11:54:46","date_gmt":"2016-03-16T11:54:46","guid":{"rendered":"https:\/\/odontorabes.es\/clinica-dental-madrid-leganes\/?page_id=231"},"modified":"2023-02-24T11:37:00","modified_gmt":"2023-02-24T11:37:00","slug":"inicio-dentistas-en-madrid-leganes-clinicas-dentales","status":"publish","type":"page","link":"https:\/\/odontorabes.es\/clinica-dental-madrid-leganes\/","title":{"rendered":"Inicio dentistas en Madrid leganes Clinicas dentales"},"content":{"rendered":"<p>[et_pb_section fb_built=&#8221;1&#8243; _builder_version=&#8221;4.16&#8243; custom_padding=&#8221;0px|||&#8221; global_colors_info=&#8221;{}&#8221;][et_pb_row _builder_version=&#8221;4.16&#8243; custom_padding=&#8221;0px|||&#8221; global_colors_info=&#8221;{}&#8221;][et_pb_column type=&#8221;4_4&#8243; _builder_version=&#8221;4.16&#8243; custom_padding=&#8221;|||&#8221; global_colors_info=&#8221;{}&#8221; custom_padding__hover=&#8221;|||&#8221;][et_pb_code _builder_version=&#8221;4.20.0&#8243; hover_enabled=&#8221;0&#8243; global_colors_info=&#8221;{}&#8221; sticky_enabled=&#8221;0&#8243;][\/et_pb_code][\/et_pb_column][\/et_pb_row][et_pb_row _builder_version=&#8221;4.16&#8243; background_size=&#8221;initial&#8221; background_position=&#8221;top_left&#8221; background_repeat=&#8221;repeat&#8221; global_colors_info=&#8221;{}&#8221;][et_pb_column type=&#8221;4_4&#8243; _builder_version=&#8221;4.16&#8243; custom_padding=&#8221;|||&#8221; global_colors_info=&#8221;{}&#8221; custom_padding__hover=&#8221;|||&#8221;][et_pb_text _builder_version=&#8221;4.16&#8243; header_3_font=&#8221;|600|||||||&#8221; header_3_text_color=&#8221;#0071c4&#8243; global_colors_info=&#8221;{}&#8221;]<\/p>\n<h3 style=\"text-align: center;\">La actualizaci\u00f3n profesional constante es la base de todo profesional de la salud exitoso y responsable.<\/h3>\n<p>[\/et_pb_text][\/et_pb_column][\/et_pb_row][\/et_pb_section][et_pb_section fb_built=&#8221;1&#8243; _builder_version=&#8221;4.16&#8243; custom_padding=&#8221;0px|||&#8221; global_colors_info=&#8221;{}&#8221;][et_pb_row _builder_version=&#8221;4.16&#8243; background_size=&#8221;initial&#8221; background_position=&#8221;top_left&#8221; background_repeat=&#8221;repeat&#8221; global_colors_info=&#8221;{}&#8221;][et_pb_column type=&#8221;4_4&#8243; _builder_version=&#8221;4.16&#8243; custom_padding=&#8221;|||&#8221; global_colors_info=&#8221;{}&#8221; custom_padding__hover=&#8221;|||&#8221;][et_pb_text _builder_version=&#8221;4.16&#8243; header_3_font=&#8221;|600|||||||&#8221; header_3_text_color=&#8221;#0071c4&#8243; text_orientation=&#8221;center&#8221; global_colors_info=&#8221;{}&#8221;]<\/p>\n<h1>\u00a1Los mejores tratamientos dentales en Odonto Rabes!<\/h1>\n<h5>Cuida de tu sonrisa y de la de toda tu familia con los tratamientos que ofrecemos en nuestras cl\u00ednicas dentales en Usera, Legan\u00e9s y Ciudad Lineal.<\/h5>\n<h5>Nuestro principal objetivo es que pod\u00e1is disfrutar de una salud bucodental perfecta, adem\u00e1s de poder sonre\u00edr sin miedos ni complejos.<\/h5>\n<h5>Ofrecemos servicios de odontolog\u00eda conservadora, endodoncia, ortodoncia y ortopedia, periodoncia, implantes dentales, pr\u00f3tesis, est\u00e9tica dental, cirug\u00eda oral y odontopediatr\u00eda.<\/h5>\n<h5>\u00a1Ven a conocernos sin compromiso, te esperamos!<\/h5>\n<p>[\/et_pb_text][\/et_pb_column][\/et_pb_row][\/et_pb_section]<\/p>\n","protected":false},"excerpt":{"rendered":"<p>La actualizaci\u00f3n profesional constante es la base de todo profesional de la salud exitoso y responsable. \u00a1Los mejores tratamientos dentales en Odonto Rabes! Cuida de tu sonrisa y de la de toda tu familia con los tratamientos que ofrecemos en nuestras cl\u00ednicas dentales en Usera, Legan\u00e9s y Ciudad Lineal. Nuestro principal objetivo es que [&hellip;]<\/p>\n","protected":false},"author":4,"featured_media":0,"parent":0,"menu_order":0,"comment_status":"closed","ping_status":"closed","template":"","meta":{"_et_pb_use_builder":"on","_et_pb_old_content":"<p>[vc_row][vc_column][vc_column_text]<\/p><p>[rev_slider alias=\"odontorabes-rg\"]<\/p><p>[\/vc_column_text][\/vc_column][\/vc_row][vc_row][vc_column][vc_empty_space height=\"13px\"][vc_column_text]<\/p><p style=\"text-align: center;\">La actualizaci\u00f3n profesional constante es la base de todo profesional de la salud exitoso y responsable.<\/p><p>[\/vc_column_text][vc_empty_space height=\"28px\"][\/vc_column][\/vc_row][vc_row][vc_column width=\"1\/4\"][vc_column_text]<\/p><h4><span style=\"color: #0071c4;\">Pensando en el paciente<\/span><\/h4><p>[\/vc_column_text][vc_column_text el_class=\"caja-cinta-texto-1\"]Una primera consulta, nos permite detectar los problemas, que afectan a su salud bucodental.[\/vc_column_text][\/vc_column][vc_column width=\"1\/4\"][vc_column_text]<\/p><h4><span style=\"color: #0071c4;\">Garant\u00eda ODONTO RABES<\/span><\/h4><p>[\/vc_column_text][vc_column_text]M\u00e1s de treinta a\u00f1os de experiencia nos avalan.[\/vc_column_text][\/vc_column][vc_column width=\"1\/4\"][vc_column_text]<\/p><h4><span style=\"color: #0071c4;\">Est\u00e9tica dental<\/span><\/h4><p>[\/vc_column_text][vc_column_text]Ofrecemos soluciones innovadoras a su requerimientos espec\u00edficos.[\/vc_column_text][\/vc_column][vc_column width=\"1\/4\"][vc_column_text]<\/p><h4><span style=\"color: #0071c4;\">3 centros a su servicio<\/span><\/h4><p>[\/vc_column_text][vc_column_text]Todas las cl\u00ednicas ODONTO RABES son propias, atendida por profesionales con m\u00e1s de 30 a\u00f1os\u00a0 de experiencia.[\/vc_column_text][\/vc_column][\/vc_row]<\/p>","_et_gb_content_width":"","footnotes":""},"class_list":["post-231","page","type-page","status-publish","hentry"],"_links":{"self":[{"href":"https:\/\/odontorabes.es\/clinica-dental-madrid-leganes\/wp-json\/wp\/v2\/pages\/231"}],"collection":[{"href":"https:\/\/odontorabes.es\/clinica-dental-madrid-leganes\/wp-json\/wp\/v2\/pages"}],"about":[{"href":"https:\/\/odontorabes.es\/clinica-dental-madrid-leganes\/wp-json\/wp\/v2\/types\/page"}],"author":[{"embeddable":true,"href":"https:\/\/odontorabes.es\/clinica-dental-madrid-leganes\/wp-json\/wp\/v2\/users\/4"}],"replies":[{"embeddable":true,"href":"https:\/\/odontorabes.es\/clinica-dental-madrid-leganes\/wp-json\/wp\/v2\/comments?post=231"}],"version-history":[{"count":0,"href":"https:\/\/odontorabes.es\/clinica-dental-madrid-leganes\/wp-json\/wp\/v2\/pages\/231\/revisions"}],"wp:attachment":[{"href":"https:\/\/odontorabes.es\/clinica-dental-madrid-leganes\/wp-json\/wp\/v2\/media?parent=231"}],"curies":[{"name":"wp","href":"https:\/\/api.w.org\/{rel}","templated":true}]}}