{"id":1314,"date":"2019-12-05T11:55:16","date_gmt":"2019-12-05T11:55:16","guid":{"rendered":"https:\/\/odontorabes.es\/clinica-dental-madrid-leganes\/?page_id=1314"},"modified":"2020-05-04T12:33:10","modified_gmt":"2020-05-04T12:33:10","slug":"clinica-leganes","status":"publish","type":"page","link":"https:\/\/odontorabes.es\/clinica-dental-madrid-leganes\/clinicas\/clinica-leganes\/","title":{"rendered":"Cl\u00ednica Legan\u00e9s"},"content":{"rendered":"<p>[et_pb_section fb_built=&#8221;1&#8243; _builder_version=&#8221;3.22&#8243;][et_pb_row _builder_version=&#8221;3.25&#8243; background_size=&#8221;initial&#8221; background_position=&#8221;top_left&#8221; background_repeat=&#8221;repeat&#8221;][et_pb_column type=&#8221;4_4&#8243; _builder_version=&#8221;3.25&#8243; custom_padding=&#8221;|||&#8221; custom_padding__hover=&#8221;|||&#8221;][et_pb_tabs active_tab_background_color=&#8221;#f8f8f8&#8243; inactive_tab_background_color=&#8221;#ffffff&#8221; _builder_version=&#8221;4.4.3&#8243; tab_text_color=&#8221;#0071c4&#8243; tab_font_size=&#8221;17px&#8221; background_color=&#8221;#f8f8f8&#8243; hover_enabled=&#8221;0&#8243;][et_pb_tab title=&#8221;RABES LEGAN\u00c9S&#8221; _builder_version=&#8221;4.4.3&#8243; hover_enabled=&#8221;0&#8243;]<\/p>\n<div class=\"contiene-pestana\">\n<div class=\"define-clinica\">\n<h4 class=\"titulo-seccion\"><strong>Cl\u00ednica Dental en Legan\u00e9s<\/strong><\/h4>\n<p class=\"texto-clinica\">Calle de San Jos\u00e9 38<\/p>\n<p class=\"texto-clinica\">Legan\u00e9s<\/p>\n<p class=\"texto-clinica\">28917 Madrid<\/p>\n<p><img loading=\"lazy\" decoding=\"async\" class=\"aligncenter size-full wp-image-1092\" style=\"float: left; margin: 0 auto;\" src=\"https:\/\/odontorabes.es\/clinica-dental-madrid-leganes\/wp-content\/uploads\/2016\/03\/metro.png\" alt=\"metro\" width=\"31\" height=\"20\" title=\"\"> La Fortuna.<\/p>\n<p><img loading=\"lazy\" decoding=\"async\" class=\"aligncenter size-full wp-image-1091\" style=\"float: left; margin: 0 auto;\" src=\"https:\/\/odontorabes.es\/clinica-dental-madrid-leganes\/wp-content\/uploads\/2016\/03\/autobus.png\" alt=\"autobus\" width=\"20\" height=\"20\" title=\"\"> L\u00edneas 483 \u2013 486 &#8211; 487<\/p>\n<h4 class=\"titulo-seccion\">CONTACTO<\/h4>\n<p class=\"texto-clinica\">Tel\u00e9fono:<a href=\"tel:916 115 922\" style=\"color: #666;\"> 916 115 922<\/a><\/p>\n<h4 class=\"titulo-seccion\">HORARIOS<\/h4>\n<p class=\"texto-clinica\">L-V 10:00 a 14:00 y de 16:00 a 20:00<\/p>\n<div class=\"codigo-qr\"><img loading=\"lazy\" decoding=\"async\" src=\"https:\/\/odontorabes.es\/clinica-dental-madrid-leganes\/wp-content\/uploads\/2016\/06\/codigos-qr-clinica-leganes-1.jpg\" alt=\"\" width=\"180\" height=\"111\" title=\"\"><\/div>\n<\/div>\n<div class=\"mapa-clinica\"><iframe loading=\"lazy\" style=\"border: 0;\" src=\"https:\/\/www.google.com\/maps\/embed?pb=!1m18!1m12!1m3!1d1756.305493499107!2d-3.7791527311398037!3d40.358022423921575!2m3!1f0!2f0!3f0!3m2!1i1024!2i768!4f13.1!3m3!1m2!1s0xd4189a5c729921f%3A0xa703ce790412b1d1!2sCalle+de+San+Jose%2C+38%2C+28917+La+Fortuna%2C+Madrid%2C+Espa%C3%B1a!5e0!3m2!1ses!2sus!4v1459161222632\" allowfullscreen=\"allowfullscreen\" width=\"600\" height=\"425\" frameborder=\"0\"><\/iframe><\/div>\n<\/div>\n<p>[\/et_pb_tab][\/et_pb_tabs][et_pb_text _builder_version=&#8221;4.0.11&#8243;][\/et_pb_text][\/et_pb_column][\/et_pb_row][\/et_pb_section]<\/p>\n","protected":false},"excerpt":{"rendered":"<p>Cl\u00ednica Dental en Legan\u00e9s Calle de San Jos\u00e9 38 Legan\u00e9s 28917 Madrid La Fortuna. L\u00edneas 483 \u2013 486 &#8211; 487 CONTACTO Tel\u00e9fono: 916 115 922 HORARIOS L-V 10:00 a 14:00 y de 16:00 a 20:00<\/p>\n","protected":false},"author":4,"featured_media":0,"parent":1308,"menu_order":0,"comment_status":"closed","ping_status":"closed","template":"","meta":{"_et_pb_use_builder":"on","_et_pb_old_content":"","_et_gb_content_width":"","footnotes":""},"class_list":["post-1314","page","type-page","status-publish","hentry"],"_links":{"self":[{"href":"https:\/\/odontorabes.es\/clinica-dental-madrid-leganes\/wp-json\/wp\/v2\/pages\/1314"}],"collection":[{"href":"https:\/\/odontorabes.es\/clinica-dental-madrid-leganes\/wp-json\/wp\/v2\/pages"}],"about":[{"href":"https:\/\/odontorabes.es\/clinica-dental-madrid-leganes\/wp-json\/wp\/v2\/types\/page"}],"author":[{"embeddable":true,"href":"https:\/\/odontorabes.es\/clinica-dental-madrid-leganes\/wp-json\/wp\/v2\/users\/4"}],"replies":[{"embeddable":true,"href":"https:\/\/odontorabes.es\/clinica-dental-madrid-leganes\/wp-json\/wp\/v2\/comments?post=1314"}],"version-history":[{"count":0,"href":"https:\/\/odontorabes.es\/clinica-dental-madrid-leganes\/wp-json\/wp\/v2\/pages\/1314\/revisions"}],"up":[{"embeddable":true,"href":"https:\/\/odontorabes.es\/clinica-dental-madrid-leganes\/wp-json\/wp\/v2\/pages\/1308"}],"wp:attachment":[{"href":"https:\/\/odontorabes.es\/clinica-dental-madrid-leganes\/wp-json\/wp\/v2\/media?parent=1314"}],"curies":[{"name":"wp","href":"https:\/\/api.w.org\/{rel}","templated":true}]}}